{"id":51,"date":"2009-04-17T00:59:46","date_gmt":"2009-04-16T22:59:46","guid":{"rendered":"http:\/\/peadot.de\/buchenau\/?page_id=51"},"modified":"2018-05-26T15:25:45","modified_gmt":"2018-05-26T13:25:45","slug":"raumlichkeiten","status":"publish","type":"page","link":"https:\/\/www.buchenau-lan.de\/?page_id=51","title":{"rendered":"R\u00e4umlichkeiten"},"content":{"rendered":"<p><!--:de--><\/p>\n<p style=\"text-align: left;\"><span style=\"font-size: medium;\">Das Schloss bietet verschiedene M\u00f6glichkeiten, die Teilnehmer unterzubringen. Dabei sind f\u00fcr jede Gr\u00f6\u00dfenordnung die passenden R\u00e4umlichkeiten verf\u00fcgbar.<br \/>\n<\/span><\/p>\n<p style=\"text-align: center;\"><img decoding=\"async\" class=\"aligncenter\" style=\"border: 5px solid #ffffff;\" title=\"Luftbild\" src=\"https:\/\/www.buchenau-lan.de\/wp-content\/uploads\/Webseite\/Luftbild.jpg\" alt=\"Luftbild\" \/><\/p>\n<p style=\"text-align: center;\"><span style=\"font-size: medium;\">Luftbild<\/span><\/p>\n<p><span style=\"font-size: medium;\">Traditionell haben wir immer das sog. <a href=\"https:\/\/www.buchenau-lan.de\/?page_id=1755\">Seminarhaus<\/a> beleg<\/span><span style=\"font-size: medium;\">t<\/span>. <span style=\"font-size: medium;\">Sollte dieser Platz nicht ausreichen, k\u00f6nnen wir bei einer gr\u00f6\u00dferen Gruppe (ab ca. 30 Teilnehmern) auch die neu erbaute <a href=\"https:\/\/www.buchenau-lan.de\/?page_id=1757\">Schlosshalle<\/a> nutzen.<\/span><\/p>\n<p style=\"text-align: center;\"><img decoding=\"async\" class=\"aligncenter\" style=\"border: 5px solid #ffffff;\" title=\"Schlossgel\u00e4nde\" src=\"https:\/\/www.buchenau-lan.de\/wp-content\/uploads\/Webseite\/Orientierung.png\" alt=\"Schlossgel\u00e4nde\" \/><\/p>\n<p style=\"text-align: center;\"><span style=\"font-size: medium;\">Gel\u00e4ndeplan<\/span><\/p>\n<p style=\"text-align: left;\"><span style=\"font-size: medium;\">Welche Optionen wir bei der Wahl der R\u00e4umlichkeit haben, h\u00e4ngt entscheidend von der Teilnehmerzahl ab. Daher wird eine Entscheidung hier\u00fcber erst relativ kurzfristig getroffen werden k\u00f6nnen. Die Teilnehmer werden in diese Entescheidung mit eingebunden.<\/span><\/p>\n<p><span style=\"font-size: medium;\">\u00a0<\/span><\/p>\n<p style=\"text-align: right;\"><a href=\"https:\/\/www.buchenau-lan.de\/?page_id=68\"><span style=\"font-size: medium;\">zur\u00fcck<\/span><\/a><\/p>\n<p><!--:--><!--:en--><\/p>\n<p style=\"text-align: left;\"><span style=\"font-size: medium;\">Wir belegen wieder das Seminarhaus aus den letzten Jahren. Das Seminarhaus ist in vier R\u00e4umlichkeiten (EG und Untergeschoss) aufgeteilt. Die Seminarr\u00e4ume bieten jeweils sicheren Platz f\u00fcr ungef\u00e4hr 15 Leute und sind ausreichend mit St\u00fchlen und Tischen ausgestattet.<\/span><\/p>\n<p style=\"text-align: center;\"><img loading=\"lazy\" decoding=\"async\" class=\"aligncenter\" style=\"border: 5px solid #ffffff;\" title=\"Seminarhaus\" src=\"https:\/\/www.buchenau-lan.de\/wp-content\/uploads\/Webseite\/seminarhaus.png\" alt=\"Das Seminarhaus\" width=\"400\" height=\"300\" \/><\/p>\n<p style=\"text-align: center;\"><span style=\"font-size: medium;\">Das Seminarhaus<\/span><\/p>\n<p style=\"text-align: left;\"><span style=\"font-size: medium;\">Wer sein Eigenbaucockpit mitbringen m\u00f6chte, findet gen\u00fcgend Platz, dieses aufzustellen.<\/span><\/p>\n<p style=\"text-align: left;\"><span style=\"font-size: medium;\">Einen Raum k\u00f6nnen wir bei Bedarf f\u00fcr Einsatzbesprechungen\u00a0nutzen.\u00a0Der Raum wird abgedunkelt und\u00a0mit einem Beamer f\u00fcr die Pr\u00e4sentationen ausgestattet.\u00a0 Nat\u00fcrlich kann der Raum dann ebenfalls f\u00fcr das Ansehen von Filmen, also quasi als Kino, genutzt werden.<\/span><\/p>\n<p style=\"text-align: center;\"><img loading=\"lazy\" decoding=\"async\" class=\"aligncenter\" style=\"border: 5px solid #ffffff;\" title=\"Raumaufteilung\" src=\"https:\/\/www.buchenau-lan.de\/wp-content\/uploads\/Webseite\/Raumaufteilung.png\" alt=\"Raumaufteilung\" width=\"400\" height=\"311\" \/><\/p>\n<p style=\"text-align: center;\"><span style=\"font-size: medium;\">Raumaufteilung<\/span><\/p>\n<p style=\"text-align: left;\"><span style=\"font-size: medium;\">Das werden wir in diesem Jahr nat\u00fcrlich auch wieder so handhaben. Die Raumbelegungen werden wir vor Ort vornehmen. <\/span><\/p>\n<p><span style=\"font-size: medium;\">Sollte eine bestimmte Teilnehmerzahl \u00fcberschritten werden, m\u00fcssen wir ggf. auf den Briefing-Room als solchen verzichten. Sollte der Platz im Seminarhaus dann immer noch nicht reichen, m\u00fcssen wir kl\u00e4ren, ob uns ggf. weitere R\u00e4umlichkeiten zur Verf\u00fcgung gestellt werden k\u00f6nnen, oder ob wir die Teilnehmerzahl begrenzen m\u00fcssen. Da uns in diesem Punkt noch die Erfahrung fehlt, werden wir das auf uns zukommen lassen m\u00fcssen. Wir sch\u00e4tzen, dass die Maximalbelegung des Seminarhauses bei ca. 50 &#8211; 60 Teilnehmern liegen wird.<\/span><\/p>\n<p style=\"text-align: right;\"><a href=\"https:\/\/www.buchenau-lan.de\/?page_id=68\"><span style=\"font-size: medium;\">zur\u00fcck<\/span><\/a><\/p>\n<p><!--:--><\/p>\n","protected":false},"excerpt":{"rendered":"<p>Das Schloss bietet verschiedene M\u00f6glichkeiten, die Teilnehmer unterzubringen. Dabei sind f\u00fcr jede Gr\u00f6\u00dfenordnung die passenden R\u00e4umlichkeiten verf\u00fcgbar. Luftbild Traditionell haben wir immer das sog. Seminarhaus belegt. Sollte dieser Platz nicht ausreichen, k\u00f6nnen wir bei einer gr\u00f6\u00dferen Gruppe (ab ca. 30 Teilnehmern) auch die neu erbaute Schlosshalle nutzen. Gel\u00e4ndeplan Welche Optionen wir bei der Wahl der [&hellip;]<\/p>\n","protected":false},"author":2,"featured_media":0,"parent":68,"menu_order":1,"comment_status":"closed","ping_status":"open","template":"","meta":{"give_campaign_id":0,"footnotes":""},"folder":[],"class_list":["post-51","page","type-page","status-publish","hentry"],"campaignId":"","_links":{"self":[{"href":"https:\/\/www.buchenau-lan.de\/index.php?rest_route=\/wp\/v2\/pages\/51","targetHints":{"allow":["GET"]}}],"collection":[{"href":"https:\/\/www.buchenau-lan.de\/index.php?rest_route=\/wp\/v2\/pages"}],"about":[{"href":"https:\/\/www.buchenau-lan.de\/index.php?rest_route=\/wp\/v2\/types\/page"}],"author":[{"embeddable":true,"href":"https:\/\/www.buchenau-lan.de\/index.php?rest_route=\/wp\/v2\/users\/2"}],"replies":[{"embeddable":true,"href":"https:\/\/www.buchenau-lan.de\/index.php?rest_route=%2Fwp%2Fv2%2Fcomments&post=51"}],"version-history":[{"count":64,"href":"https:\/\/www.buchenau-lan.de\/index.php?rest_route=\/wp\/v2\/pages\/51\/revisions"}],"predecessor-version":[{"id":4275,"href":"https:\/\/www.buchenau-lan.de\/index.php?rest_route=\/wp\/v2\/pages\/51\/revisions\/4275"}],"up":[{"embeddable":true,"href":"https:\/\/www.buchenau-lan.de\/index.php?rest_route=\/wp\/v2\/pages\/68"}],"wp:attachment":[{"href":"https:\/\/www.buchenau-lan.de\/index.php?rest_route=%2Fwp%2Fv2%2Fmedia&parent=51"}],"wp:term":[{"taxonomy":"folder","embeddable":true,"href":"https:\/\/www.buchenau-lan.de\/index.php?rest_route=%2Fwp%2Fv2%2Ffolder&post=51"}],"curies":[{"name":"wp","href":"https:\/\/api.w.org\/{rel}","templated":true}]}}