{"id":4264,"date":"2024-11-22T16:43:44","date_gmt":"2024-11-22T15:43:44","guid":{"rendered":"https:\/\/www.buchenau-lan.de\/?page_id=4264"},"modified":"2025-11-23T19:05:06","modified_gmt":"2025-11-23T18:05:06","slug":"2_testseite-teilnehmerliste","status":"publish","type":"page","link":"https:\/\/www.buchenau-lan.de\/?page_id=4264","title":{"rendered":"Teilnehmerliste"},"content":{"rendered":"\n<p style=\"font-size:15px\">Unten siehst Du, welche Piloten sich bereits f\u00fcr die LAN angemeldet haben.<\/p>\n\n\n\n<p style=\"font-size:15px\">Die Liste wird automatisiert anhand deiner Angaben in der Anmeldung erstellt.<\/p>\n\n\n\n<p style=\"font-size:15px\">ACHTUNG: Eine nachtr\u00e4gliche \u00c4nderung dieser Liste findet nicht statt! Lediglich Absagen werden ber\u00fccksichtigt. Sollte sich etwas an deiner Anmeldung \u00e4ndern, teile dies bitte direkt \u00fcber das Kontaktformular oder per Email \/ PN an Kolbe mit.<\/p>\n\n\n\n<p style=\"font-size:15px\">In der letzten Spalte &#8222;Mitnahme&#8220; kannst Du sehen, wer wieviele Pl\u00e4tze zur Mitfahrt anbieten k\u00f6nnte bzw. wer eine Mitfahrgelegenheit sucht. M\u00f6chtest Du zwecks Bildung einer Fahrgemeinschaft mit einem anderen Teilnehmer in Kontakt treten, schreibe eine <a href=\"https:\/\/www.buchenau-lan.de\/?page_id=191\" target=\"_blank\" rel=\"noopener noreferrer\">Nachricht<\/a> an Kolbe. Er wird dann einen Kontakt herstellen.<\/p>\n\n\n\n\n\n\n\n<div id=\"footable_parent_4379\"\n         class=\" footable_parent ninja_table_wrapper loading_ninja_table wp_table_data_press_parent semantic_ui \">\n                <table data-ninja_table_instance=\"ninja_table_instance_0\" data-footable_id=\"4379\" data-filter-delay=\"1000\" aria-label=\"Anmeldungen 2026\"            id=\"footable_4379\"\n           data-unique_identifier=\"ninja_table_unique_id_1355910077_4379\"\n           class=\" foo-table ninja_footable foo_table_4379 ninja_table_unique_id_1355910077_4379 ui table  ninja_search_right nt_type_ajax_table selectable striped vertical_centered  footable-paging-right\">\n                <colgroup>\n                            <col class=\"ninja_column_0 \">\n                            <col class=\"ninja_column_1 \">\n                            <col class=\"ninja_column_2 \">\n                            <col class=\"ninja_column_3 \">\n                            <col class=\"ninja_column_4 \">\n                            <col class=\"ninja_column_5 \">\n                    <\/colgroup>\n            <\/table>\n    \n    \n    \n<\/div>\n\n\n\n","protected":false},"excerpt":{"rendered":"<p>Unten siehst Du, welche Piloten sich bereits f\u00fcr die LAN angemeldet haben. Die Liste wird automatisiert anhand deiner Angaben in der Anmeldung erstellt. ACHTUNG: Eine nachtr\u00e4gliche \u00c4nderung dieser Liste findet nicht statt! Lediglich Absagen werden ber\u00fccksichtigt. Sollte sich etwas an deiner Anmeldung \u00e4ndern, teile dies bitte direkt \u00fcber das Kontaktformular oder per Email \/ PN [&hellip;]<\/p>\n","protected":false},"author":2,"featured_media":0,"parent":140,"menu_order":0,"comment_status":"closed","ping_status":"closed","template":"","meta":{"give_campaign_id":0,"footnotes":""},"folder":[],"class_list":["post-4264","page","type-page","status-publish","hentry"],"campaignId":"","_links":{"self":[{"href":"https:\/\/www.buchenau-lan.de\/index.php?rest_route=\/wp\/v2\/pages\/4264","targetHints":{"allow":["GET"]}}],"collection":[{"href":"https:\/\/www.buchenau-lan.de\/index.php?rest_route=\/wp\/v2\/pages"}],"about":[{"href":"https:\/\/www.buchenau-lan.de\/index.php?rest_route=\/wp\/v2\/types\/page"}],"author":[{"embeddable":true,"href":"https:\/\/www.buchenau-lan.de\/index.php?rest_route=\/wp\/v2\/users\/2"}],"replies":[{"embeddable":true,"href":"https:\/\/www.buchenau-lan.de\/index.php?rest_route=%2Fwp%2Fv2%2Fcomments&post=4264"}],"version-history":[{"count":11,"href":"https:\/\/www.buchenau-lan.de\/index.php?rest_route=\/wp\/v2\/pages\/4264\/revisions"}],"predecessor-version":[{"id":4381,"href":"https:\/\/www.buchenau-lan.de\/index.php?rest_route=\/wp\/v2\/pages\/4264\/revisions\/4381"}],"up":[{"embeddable":true,"href":"https:\/\/www.buchenau-lan.de\/index.php?rest_route=\/wp\/v2\/pages\/140"}],"wp:attachment":[{"href":"https:\/\/www.buchenau-lan.de\/index.php?rest_route=%2Fwp%2Fv2%2Fmedia&parent=4264"}],"wp:term":[{"taxonomy":"folder","embeddable":true,"href":"https:\/\/www.buchenau-lan.de\/index.php?rest_route=%2Fwp%2Fv2%2Ffolder&post=4264"}],"curies":[{"name":"wp","href":"https:\/\/api.w.org\/{rel}","templated":true}]}}