{"id":3,"date":"2009-04-15T21:38:23","date_gmt":"2009-04-15T19:38:23","guid":{"rendered":"http:\/\/peadot.de\/buchenau\/?page_id=3"},"modified":"2024-11-16T12:35:46","modified_gmt":"2024-11-16T11:35:46","slug":"lan","status":"publish","type":"page","link":"https:\/\/www.buchenau-lan.de\/?page_id=3","title":{"rendered":"Historie"},"content":{"rendered":"<p><!--:de--><span style=\"font-size: medium;\">Wenn Du wissen m\u00f6chtest, wie es in den vergangenen Jahren war, folge den unten aufgef\u00fchrten Links. Hier k\u00f6nnt Ihr Euch \u00fcber vergangene LAN-Events informieren.<\/span><\/p>\n<p><span style=\"font-size: medium;\">Ihr k\u00f6nnt Euch Bilder ansehen bzw. downloaden und erhaltet einen \u00dcberblick \u00fcber die Teilnehmer. In manchen Jahren stehen auch die geflogenen Missionen als Download zur Verf\u00fcgung.<\/span><\/p>\n<p style=\"text-align: center;\"><a href=\"https:\/\/www.buchenau-lan.de\/?page_id=444\"><span style=\"font-size: medium;\">2006 &#8211; 1. Buchenau-LAN<\/span><\/a><\/p>\n<p style=\"text-align: center;\"><a href=\"https:\/\/www.buchenau-lan.de\/?page_id=32\"><span style=\"font-size: medium;\">2007 &#8211; Falconeers &amp; Friends<\/span><\/a><\/p>\n<p style=\"text-align: center;\"><a href=\"https:\/\/www.buchenau-lan.de\/?page_id=34\"><span style=\"font-size: medium;\">2008 &#8211; Falcon Community LAN<\/span><\/a><\/p>\n<p style=\"text-align: center;\"><a href=\"https:\/\/www.buchenau-lan.de\/?page_id=862\"><span style=\"font-size: medium;\">2009 &#8211; <\/span><span style=\"font-size: medium;\">Falcon meets Black Shark<\/span><\/a><\/p>\n<p style=\"text-align: center;\"><a href=\"https:\/\/www.buchenau-lan.de\/?page_id=1418\"><span style=\"font-size: medium;\">2010 &#8211; F\u00fcnf Jahre Buchenau<\/span><\/a><\/p>\n<p style=\"text-align: center;\"><a href=\"https:\/\/www.buchenau-lan.de\/?page_id=1622\"><span style=\"font-size: medium;\">2011 &#8211; Exercise Flying Rhino<\/span><\/a><\/p>\n<p style=\"text-align: center;\"><span style=\"font-size: medium;\"><a href=\"https:\/\/www.buchenau-lan.de\/?page_id=1711\">2012 &#8211; Operation Air Poker<\/a><\/span><\/p>\n<p style=\"text-align: center;\"><span style=\"font-size: medium;\"><a href=\"https:\/\/www.buchenau-lan.de\/?page_id=1836\">2013 &#8211; Fighter Pilots Conference<\/a><\/span><\/p>\n<p style=\"text-align: center;\"><span style=\"font-size: 12pt;\"><a href=\"https:\/\/www.buchenau-lan.de\/?page_id=1935\">2014 &#8211; A.T.A.C.K. \u2013 <strong>A<\/strong>dvanced <strong>T<\/strong>actical <strong>A<\/strong>ir <strong>C<\/strong>ommand <strong>K<\/strong>orea<\/a><\/span><\/p>\n<p style=\"text-align: center;\"><span style=\"font-size: 12pt;\"><a href=\"https:\/\/www.buchenau-lan.de\/?page_id=2141\">2015 &#8211; Greek Thunder<\/a><\/span><\/p>\n<p style=\"text-align: center;\"><span style=\"font-size: 12pt;\"><a href=\"https:\/\/www.buchenau-lan.de\/?page_id=2220\">2016 &#8211; Operation Balkan Sword<\/a><\/span><\/p>\n<p style=\"text-align: center;\"><span style=\"font-size: 12pt;\"><a href=\"https:\/\/www.buchenau-lan.de\/?page_id=2508\">2017 &#8211; Operation Scarabaeus Shield<\/a><\/span><\/p>\n<p style=\"text-align: center;\"><a href=\"https:\/\/www.buchenau-lan.de\/?page_id=2666\"><span style=\"font-size: 12pt;\">2018 &#8211; Operation Aces High<\/span><\/a><\/p>\n<p style=\"text-align: center;\"><a href=\"https:\/\/www.buchenau-lan.de\/?page_id=2727\"><span style=\"font-size: 12pt;\">2019 &#8211; Operation Dragon Fire<\/span><\/a><\/p>\n<p style=\"text-align: center;\"><a href=\"https:\/\/www.buchenau-lan.de\/?page_id=3963\">2020 &#8211; Operation Typhoon<\/a><\/p>\n<p style=\"text-align: center;\"><a href=\"https:\/\/www.buchenau-lan.de\/?page_id=3996\">2021 &#8211; Operation Red Flag 21-11<\/a><\/p>\n<p style=\"text-align: center;\"><a href=\"https:\/\/www.buchenau-lan.de\/?page_id=4083\">2022 &#8211; Operation PRAETORIAN<\/a><\/p>\n<p style=\"text-align: center;\"><a href=\"https:\/\/www.buchenau-lan.de\/?page_id=4136\">2023 &#8211; Operation Plan B<\/a><\/p>\n<p><!--:--><!--:en--><\/p>\n<p><!--:--><\/p>\n\n\n<p style=\"text-align: center;\"><a href=\"https:\/\/www.buchenau-lan.de\/?page_id=4238\">2024 &#8211; Operation Allied Force<\/a><\/p>\n","protected":false},"excerpt":{"rendered":"<p>Wenn Du wissen m\u00f6chtest, wie es in den vergangenen Jahren war, folge den unten aufgef\u00fchrten Links. Hier k\u00f6nnt Ihr Euch \u00fcber vergangene LAN-Events informieren. Ihr k\u00f6nnt Euch Bilder ansehen bzw. downloaden und erhaltet einen \u00dcberblick \u00fcber die Teilnehmer. In manchen Jahren stehen auch die geflogenen Missionen als Download zur Verf\u00fcgung. 2006 &#8211; 1. Buchenau-LAN 2007 [&hellip;]<\/p>\n","protected":false},"author":2,"featured_media":0,"parent":0,"menu_order":5,"comment_status":"closed","ping_status":"closed","template":"","meta":{"give_campaign_id":0,"footnotes":""},"folder":[21],"class_list":["post-3","page","type-page","status-publish","hentry"],"campaignId":"","_links":{"self":[{"href":"https:\/\/www.buchenau-lan.de\/index.php?rest_route=\/wp\/v2\/pages\/3","targetHints":{"allow":["GET"]}}],"collection":[{"href":"https:\/\/www.buchenau-lan.de\/index.php?rest_route=\/wp\/v2\/pages"}],"about":[{"href":"https:\/\/www.buchenau-lan.de\/index.php?rest_route=\/wp\/v2\/types\/page"}],"author":[{"embeddable":true,"href":"https:\/\/www.buchenau-lan.de\/index.php?rest_route=\/wp\/v2\/users\/2"}],"replies":[{"embeddable":true,"href":"https:\/\/www.buchenau-lan.de\/index.php?rest_route=%2Fwp%2Fv2%2Fcomments&post=3"}],"version-history":[{"count":70,"href":"https:\/\/www.buchenau-lan.de\/index.php?rest_route=\/wp\/v2\/pages\/3\/revisions"}],"predecessor-version":[{"id":4156,"href":"https:\/\/www.buchenau-lan.de\/index.php?rest_route=\/wp\/v2\/pages\/3\/revisions\/4156"}],"wp:attachment":[{"href":"https:\/\/www.buchenau-lan.de\/index.php?rest_route=%2Fwp%2Fv2%2Fmedia&parent=3"}],"wp:term":[{"taxonomy":"folder","embeddable":true,"href":"https:\/\/www.buchenau-lan.de\/index.php?rest_route=%2Fwp%2Fv2%2Ffolder&post=3"}],"curies":[{"name":"wp","href":"https:\/\/api.w.org\/{rel}","templated":true}]}}