{"id":212,"date":"2009-04-17T19:58:19","date_gmt":"2009-04-17T17:58:19","guid":{"rendered":"http:\/\/peadot.de\/buchenau\/?page_id=212"},"modified":"2018-05-26T15:29:49","modified_gmt":"2018-05-26T13:29:49","slug":"was-mitbringen","status":"publish","type":"page","link":"https:\/\/www.buchenau-lan.de\/?page_id=212","title":{"rendered":"Woran muss ich denken?"},"content":{"rendered":"<p><!--:de--><span style=\"font-size: medium;\">Auf dieser Seite wollen wir kurz auff\u00fchren, was ihr zur LAN mitbringen solltet. Die Liste f\u00fchrt nur die wichtigsten technischen Dinge auf.<\/span><\/p>\n<ul>\n<li><span style=\"font-size: medium;\"><span style=\"font-size: medium;\"><strong>Clients OS Windows XP, Vista oder 7\/8\/10:<br \/>\n<\/strong><\/span><\/span>Den eigenen Rechner hat jeder Pilot in eigener Verantwortung vorkonfiguriert mitzubringen.Denkt an die n\u00f6tige Verkabelung.<\/li>\n<\/ul>\n<p>&nbsp;<\/p>\n<ul>\n<li><span style=\"font-size: medium;\"><span style=\"font-size: medium;\"><strong>Eingabeger\u00e4te:<br \/>\n<\/strong><\/span><\/span>Joysticks (Hotas), Tastatur, Maus, TrackIR u.s.w. Nutzt nach M\u00f6glichkeit kabelgebundene Ger\u00e4te, damit es w\u00e4hrend der LAN zu keinen Konflikten kommt.<\/li>\n<\/ul>\n<p>&nbsp;<\/p>\n<ul>\n<li><span style=\"font-size: medium;\"><span style=\"font-size: medium;\"><strong>Netzwerkkarte 100\/1000 Mbit \/ Full Duplex (UTP):<br \/>\n<\/strong><\/span><\/span>Netzwerkkabel haben wir f\u00fcr jeden Platz \/ Teilnehmer beschafft. Ihr m\u00fcsst als keines mitbringen.<\/li>\n<\/ul>\n<p>&nbsp;<\/p>\n<ul>\n<li><span style=\"font-size: medium;\"><span style=\"font-size: medium;\"><strong>Headset:<br \/>\n<\/strong><\/span><\/span>Lautsprecher f\u00fcr musikalische Unterhaltung k\u00f6nnen mitgebracht werden. W\u00e4hrend den Flugphasen sollten diese jedoch ausgeschaltet werden.<\/li>\n<\/ul>\n<p>&nbsp;<\/p>\n<ul>\n<li><span style=\"font-size: medium;\"><span style=\"font-size: medium;\"><strong>Netzsteckerleiste:<br \/>\n<\/strong><\/span><\/span>Damit man seine Peripherie an die Steckdose h\u00e4ngen kann. Wir haben schon entsprechende Mehrfachsteckdosen an den Pl\u00e4tzen liegen. Ihr braucht euch nur noch anklemmen.<\/li>\n<\/ul>\n<p>&nbsp;<\/p>\n<ul>\n<li><strong><span style=\"font-size: medium;\">Monitor (inkl. Anschlusskabel)<\/span><\/strong><\/li>\n<\/ul>\n<p><strong>\u00a0<\/strong><\/p>\n<ul>\n<li><span style=\"font-size: medium;\"><span style=\"font-size: medium;\"><strong>Software<\/strong>:<br \/>\n<\/span><\/span>Falcon 4.0 Original-CD, FBMS in der aktuellsten Version. Sonstige Treiber und Tools und das Betriebssystem, falls eine Neuinstallation notwendig sein sollte. Oder einfach nur ein Backup, das \u00fcber eine Imageverwaltung eingespielt werden kann.<\/li>\n<\/ul>\n<p>&nbsp;<\/p>\n<ul>\n<li><span style=\"font-size: medium;\"><span style=\"font-size: medium;\"><strong>Sonstiges<\/strong>:<br \/>\n<\/span><\/span>Diverse Lichtquellen, um sich auch bei Dunkelheit zurechtfinden zu k\u00f6nnen, Klebeb\u00e4nder um Kabelstr\u00e4nge am Boden zu fixieren, Kaffeetasse,\u00a0 Notizblock und Stifte, Digi-Cam\u2026<\/li>\n<\/ul>\n<p>&nbsp;<\/p>\n<p><span style=\"font-size: medium;\">Nat\u00fcrlich gibt es vor der LAN wie gewohnt eine Checkliste, in der nochmals explizit auf Besonderheiten eingegangen wird. Au\u00dferdem erhaltet ihr Hilfestellungen, damit ihr vor der LAN schon entsprechende Einstellungen vornehmen k\u00f6nnt.<\/span><\/p>\n<p style=\"text-align: right;\"><a href=\"https:\/\/www.buchenau-lan.de\/?page_id=140\"><span style=\"font-size: medium;\">zur\u00fcck<\/span><\/a><\/p>\n<p><!--:--><!--:en--><\/p>\n<p><!--:--><\/p>\n","protected":false},"excerpt":{"rendered":"<p>Auf dieser Seite wollen wir kurz auff\u00fchren, was ihr zur LAN mitbringen solltet. Die Liste f\u00fchrt nur die wichtigsten technischen Dinge auf. Clients OS Windows XP, Vista oder 7\/8\/10: Den eigenen Rechner hat jeder Pilot in eigener Verantwortung vorkonfiguriert mitzubringen.Denkt an die n\u00f6tige Verkabelung. &nbsp; Eingabeger\u00e4te: Joysticks (Hotas), Tastatur, Maus, TrackIR u.s.w. Nutzt nach M\u00f6glichkeit [&hellip;]<\/p>\n","protected":false},"author":2,"featured_media":0,"parent":140,"menu_order":3,"comment_status":"closed","ping_status":"open","template":"","meta":{"give_campaign_id":0,"footnotes":""},"folder":[],"class_list":["post-212","page","type-page","status-publish","hentry"],"campaignId":"","_links":{"self":[{"href":"https:\/\/www.buchenau-lan.de\/index.php?rest_route=\/wp\/v2\/pages\/212","targetHints":{"allow":["GET"]}}],"collection":[{"href":"https:\/\/www.buchenau-lan.de\/index.php?rest_route=\/wp\/v2\/pages"}],"about":[{"href":"https:\/\/www.buchenau-lan.de\/index.php?rest_route=\/wp\/v2\/types\/page"}],"author":[{"embeddable":true,"href":"https:\/\/www.buchenau-lan.de\/index.php?rest_route=\/wp\/v2\/users\/2"}],"replies":[{"embeddable":true,"href":"https:\/\/www.buchenau-lan.de\/index.php?rest_route=%2Fwp%2Fv2%2Fcomments&post=212"}],"version-history":[{"count":35,"href":"https:\/\/www.buchenau-lan.de\/index.php?rest_route=\/wp\/v2\/pages\/212\/revisions"}],"predecessor-version":[{"id":2615,"href":"https:\/\/www.buchenau-lan.de\/index.php?rest_route=\/wp\/v2\/pages\/212\/revisions\/2615"}],"up":[{"embeddable":true,"href":"https:\/\/www.buchenau-lan.de\/index.php?rest_route=\/wp\/v2\/pages\/140"}],"wp:attachment":[{"href":"https:\/\/www.buchenau-lan.de\/index.php?rest_route=%2Fwp%2Fv2%2Fmedia&parent=212"}],"wp:term":[{"taxonomy":"folder","embeddable":true,"href":"https:\/\/www.buchenau-lan.de\/index.php?rest_route=%2Fwp%2Fv2%2Ffolder&post=212"}],"curies":[{"name":"wp","href":"https:\/\/api.w.org\/{rel}","templated":true}]}}