{"id":188,"date":"2009-04-17T19:48:12","date_gmt":"2009-04-17T17:48:12","guid":{"rendered":"http:\/\/peadot.de\/buchenau\/?page_id=188"},"modified":"2018-05-26T15:24:01","modified_gmt":"2018-05-26T13:24:01","slug":"community-lan","status":"publish","type":"page","link":"https:\/\/www.buchenau-lan.de\/?page_id=188","title":{"rendered":"Herzlich Willkommen"},"content":{"rendered":"<p style=\"text-align: left;\"><img loading=\"lazy\" decoding=\"async\" class=\"size-full wp-image-477 alignright\" style=\"margin-left: 10px; margin-right: 10px;\" title=\"Karte\" src=\"https:\/\/www.buchenau-lan.de\/wp-content\/uploads\/Webseite\/karte.gif\" alt=\"karte\" width=\"140\" height=\"175\" \/><span style=\"font-size: medium;\">Bereits seit 2006 treffen sich begeisterte\u00a0Hobby-Piloten\u00a0mitten im Herzen von Deutschland\u00a0zu einer\u00a0Flugsimulations-LAN.<\/span><\/p>\n<p style=\"text-align: left;\"><span style=\"font-size: medium;\">Geflogen wird \u00fcberwiegend mit Falcon BMS, einer bis heute in punkto Detailreichtum und Realismus kaum erreichten Flugsimulation, die sich mit der F-16 Fighting Falcon befasst. FBMS l\u00f6st ab dem Jahre 2012 den altbew\u00e4hrten Falcon AF als Hauptsimulation ab.<br \/>\n<\/span><\/p>\n<p><span style=\"font-size: medium;\">In der gemeinsamen Veranstaltung spielen die Staffelzugeh\u00f6rigkeit ebenso wenig eine Rolle, wie Alter oder Erfahrung. Es ist jeder herzlich eingeladen, der sich mit der Flight-Sim verbunden f\u00fchlt, um in ungezwungener Atmosph\u00e4re unserem gemeinsamen Hobby nachzugehen. Wir freuen uns darauf, viele von euch wieder zu sehen und neue Piloten kennen zu lernen.<\/span><\/p>\n<p><span style=\"font-size: medium;\">Nat\u00fcrlich k\u00f6nnt ihr selbst entscheiden, wann ihr an- und abreisen m\u00f6chtet. Viele von uns werden schon am Dienstag da sein, um das Equipment aufzubauen und die ersten Fl\u00fcge zu genie\u00dfen.<\/span><\/p>\n<p><span style=\"font-size: medium;\">Neben dem Flugbetrieb wird es selbstverst\u00e4ndlich wieder viel Zeit f\u00fcr den Erfahrungsaustausch untereinander und das Kn\u00fcpfen neuer Kontakte geben. Weiterhin werden wir auch die eine oder andere Lehrstunde im Umgang mit der F-16 liefern.<\/span><\/p>\n<p><span style=\"font-size: medium;\">Wir haben f\u00fcr euch keine M\u00fchen gescheut, damit es wieder ein unvergessliches Erlebnis Rund um den Falken wird. Wir freuen uns darauf, euch mit der einen oder anderen \u00dcberraschung zu begeistern.<\/span><\/p>\n<p><span style=\"font-size: medium;\">Auf dieser Seite findet ihr alle notwendigen Informationen zu dem j\u00e4hrlichen Event.<\/span><\/p>\n<p><span style=\"font-size: medium;\">Viel Spa\u00df w\u00fcnschen euch<\/span><\/p>\n<p><span style=\"font-size: medium;\">Kolbe <\/span><!--:--><!--:en--><\/p>\n<p><!--:--><\/p>\n","protected":false},"excerpt":{"rendered":"<p>Bereits seit 2006 treffen sich begeisterte\u00a0Hobby-Piloten\u00a0mitten im Herzen von Deutschland\u00a0zu einer\u00a0Flugsimulations-LAN. Geflogen wird \u00fcberwiegend mit Falcon BMS, einer bis heute in punkto Detailreichtum und Realismus kaum erreichten Flugsimulation, die sich mit der F-16 Fighting Falcon befasst. FBMS l\u00f6st ab dem Jahre 2012 den altbew\u00e4hrten Falcon AF als Hauptsimulation ab. In der gemeinsamen Veranstaltung spielen die [&hellip;]<\/p>\n","protected":false},"author":2,"featured_media":0,"parent":0,"menu_order":0,"comment_status":"closed","ping_status":"open","template":"","meta":{"give_campaign_id":0,"footnotes":""},"folder":[],"class_list":["post-188","page","type-page","status-publish","hentry"],"campaignId":"","_links":{"self":[{"href":"https:\/\/www.buchenau-lan.de\/index.php?rest_route=\/wp\/v2\/pages\/188","targetHints":{"allow":["GET"]}}],"collection":[{"href":"https:\/\/www.buchenau-lan.de\/index.php?rest_route=\/wp\/v2\/pages"}],"about":[{"href":"https:\/\/www.buchenau-lan.de\/index.php?rest_route=\/wp\/v2\/types\/page"}],"author":[{"embeddable":true,"href":"https:\/\/www.buchenau-lan.de\/index.php?rest_route=\/wp\/v2\/users\/2"}],"replies":[{"embeddable":true,"href":"https:\/\/www.buchenau-lan.de\/index.php?rest_route=%2Fwp%2Fv2%2Fcomments&post=188"}],"version-history":[{"count":68,"href":"https:\/\/www.buchenau-lan.de\/index.php?rest_route=\/wp\/v2\/pages\/188\/revisions"}],"predecessor-version":[{"id":2601,"href":"https:\/\/www.buchenau-lan.de\/index.php?rest_route=\/wp\/v2\/pages\/188\/revisions\/2601"}],"wp:attachment":[{"href":"https:\/\/www.buchenau-lan.de\/index.php?rest_route=%2Fwp%2Fv2%2Fmedia&parent=188"}],"wp:term":[{"taxonomy":"folder","embeddable":true,"href":"https:\/\/www.buchenau-lan.de\/index.php?rest_route=%2Fwp%2Fv2%2Ffolder&post=188"}],"curies":[{"name":"wp","href":"https:\/\/api.w.org\/{rel}","templated":true}]}}