{"id":14,"date":"2009-04-15T22:29:30","date_gmt":"2009-04-15T20:29:30","guid":{"rendered":"http:\/\/peadot.de\/buchenau\/?page_id=14"},"modified":"2022-12-17T21:32:44","modified_gmt":"2022-12-17T20:32:44","slug":"organisatoren","status":"publish","type":"page","link":"https:\/\/www.buchenau-lan.de\/?page_id=14","title":{"rendered":"Organisatoren"},"content":{"rendered":"<p><!--:de--><span style=\"font-size: medium;\">Auf dieser Seite m\u00f6chten sich die Organisatoren der Community LAN einmal vorstellen.<\/span><\/p>\n<p><span style=\"font-size: medium;\">Die ersten beiden LAN-Events 2006 und 2007 wurden von <strong>Max<\/strong> organisiert. Er geh\u00f6rt der virtuellen Flugstaffel Falconeers (<\/span><a href=\"https:\/\/www.falconeers.de\/cms\/\" target=\"_blank\" rel=\"noopener\"><span style=\"font-size: medium;\">www.Falconeers.de<\/span><\/a><span style=\"font-size: medium;\">) an.<\/span><\/p>\n<p><span style=\"font-size: medium;\">\u00a0<\/span><\/p>\n<p><span style=\"font-size: medium;\"><img loading=\"lazy\" decoding=\"async\" class=\"alignleft\" style=\"margin-left: 0px; margin-right: 15px; border: 5px solid #ffffff;\" title=\"Max\" src=\"https:\/\/www.buchenau-lan.de\/wp-content\/uploads\/Webseite\/Max.jpg\" alt=\"Max\" width=\"150\" height=\"150\" \/><\/span><\/p>\n<p style=\"text-align: left;\"><span style=\"font-size: medium;\"><strong>Max<\/strong> hat die ersten beiden Buchenau-Events organisiert und ist damit der\u00a0Ur-Vater der Buchenau-LAN.<\/span><\/p>\n<p style=\"text-align: left;\"><span style=\"font-size: medium;\">Unter dem Motto <em>&#8222;Falconeers &amp; Friends&#8220;<\/em> konnten alle Falcon begeisterten Piloten bei dem offenen Staffeltreffen der Falconeers Buchenau-Luft schnuppern. <\/span><\/p>\n<p style=\"text-align: left;\"><span style=\"font-size: medium;\">Ihm ist es zu verdanken, dass wir das Schloss Buchenau als attraktive und kosteng\u00fcnstige Location f\u00fcr unsere LAN etabliert haben.<\/span><\/p>\n<p><span style=\"font-size: medium;\">Nachdem Max die Organisation aus zeitlichen Gr\u00fcnden ab 2008 nicht mehr \u00fcbernehmen konnte, wurde die LAN von Kolbe und Cop, Mitglieder der virtuellen Flugstaffel 49th Black Diamonds (<\/span><a href=\"https:\/\/49thblackdiamonds.com\/\" target=\"_blank\" rel=\"noopener\"><span style=\"font-size: medium;\">www.49thBlackDiamonds.com<\/span><\/a><span style=\"font-size: medium;\">), fortgef\u00fchrt.<\/span><\/p>\n<p><img loading=\"lazy\" decoding=\"async\" class=\"alignright\" style=\"margin-left: 15px; margin-right: 0px; border: 5px solid #ffffff;\" title=\"Cop\" src=\"https:\/\/www.buchenau-lan.de\/wp-content\/uploads\/Webseite\/Cop_neu.JPG\" alt=\"copneu\" width=\"150\" height=\"150\" \/><\/p>\n<p><span style=\"font-size: medium;\"><strong>Cop<\/strong> hat sich in der Vergangenheit durch die Organisation von staffel\u00fcbergreifenden LANs im deutschsprachigen Raum einen Namen gemacht.<\/span><\/p>\n<p><span style=\"font-size: medium;\">Er bringt die notwendige Erfahrung mit, um bei so einem Event einen reibungslosen Verlauf zu gew\u00e4hrleisten. <\/span><span style=\"font-size: medium;\">Seit Anfang 2000 hat er an jeder gr\u00f6\u00dferen LAN teilgenommen. Im Jahre 2011 entschied er, bei organisatorischen Aufgaben k\u00fcrzer zu treten, ist jedoch immer mal wieder eingesprungen, wenn Not am Mann war.<br \/>\n<\/span><\/p>\n<p><span style=\"font-size: medium;\">\u00a0<\/span><\/p>\n<p><span style=\"font-size: medium;\"><img loading=\"lazy\" decoding=\"async\" class=\"alignleft\" style=\"margin-left: 0px; margin-right: 15px; border: 5px solid #ffffff;\" title=\"Kolbe\" src=\"https:\/\/www.buchenau-lan.de\/wp-content\/uploads\/Webseite\/Kolbe.png\" alt=\"Kolbe\" width=\"150\" height=\"150\" \/> <\/span><\/p>\n<p><span style=\"font-size: medium;\"><strong>Kolbe<\/strong> ist erst relativ sp\u00e4t in die virtuelle Flugwelt eingestiegen. Bei der Buchenau LAN 2007 hat Kolbe erste Erfahrungen in Bezug auf Missionsbau und Briefings sammeln k\u00f6nnen.<\/span><\/p>\n<p><span style=\"font-size: medium;\">Nachdem Max 2008 die Buchenau LAN aus zeitlichen Gr\u00fcnden nicht mehr organisieren konnte, hat er die Organisation der folgenden LANs \u00fcbernommen. Hierbei k\u00fcmmert er sich \u00fcberwiegend um administrative T\u00e4tigkeiten.<br \/>\n<\/span><\/p>\n<p><img loading=\"lazy\" decoding=\"async\" class=\"alignright\" style=\"margin-left: 15px; margin-right: 0px; border: 5px solid #ffffff;\" title=\"Nick\" src=\"https:\/\/www.buchenau-lan.de\/wp-content\/uploads\/Webseite\/Nick.jpg\" alt=\"copneu\" width=\"150\" height=\"150\" \/><\/p>\n<p><span style=\"font-size: medium;\"><strong>Nick Taylor<\/strong> is<\/span>t<span style=\"font-size: medium;\"> seit 2011 f\u00fcr den Flugbetrieb verantwortlich. Er hat sich in der Vergangenheit durch diverse Storyline basierte Missionen einen Namen gemacht. <\/span><\/p>\n<p><span style=\"font-size: medium;\">Zu nennen w\u00e4ren hier insbesondere seine ma\u00dfgebliche Beteiligung an den &#8222;Falcon Operations&#8220; und der LLTM im Jahre 2010, bei der er f\u00fcr die Falcon Section verantwortlich war. Er versteht es immer wieder, durch frische Ideen die Falcon Community zu \u00fcberraschen und zu begeistern. <\/span><\/p>\n<p><span style=\"font-size: medium;\">\u00a0<\/span><\/p>\n<p><span style=\"font-size: medium;\"><img loading=\"lazy\" decoding=\"async\" class=\"alignleft\" style=\"margin-left: 0px; margin-right: 15px; border: 5px solid #ffffff;\" title=\"Bloodhound\" src=\"https:\/\/www.buchenau-lan.de\/wp-content\/uploads\/Webseite\/Bloodhound.JPG\" alt=\"Max\" width=\"150\" height=\"150\" \/><\/span><\/p>\n<p><span style=\"font-size: medium;\"><strong>Bloodhound<\/strong> ist seit 2016 im Organisatorenteam. <\/span><\/p>\n<p><span style=\"font-size: medium;\">Zu seiner Spezialit\u00e4t geh\u00f6rt der Missionsbau und ist gerade deswegen eine Bereicherung f\u00fcr Buchenau. Dies stellt er nicht nur w\u00e4hrend der LAN unter Beweis. \u00dcbers Jahr organisiert er wiederkehrend staffel\u00fcbergreifende Fl\u00fcge, um die Community weiter zu einen. <\/span><\/p>\n<p><span style=\"font-size: medium;\">Zusammen mit Unterst\u00fctzung aus der Community sorgt er f\u00fcr die fliegerische Untermalung des Events. <\/span><\/p>\n<p><img loading=\"lazy\" decoding=\"async\" class=\"alignright\" style=\"margin-left: 15px; margin-right: 0px; border: 5px solid #ffffff;\" title=\"Hannibal\" src=\"https:\/\/www.buchenau-lan.de\/wp-content\/uploads\/Webseite\/Hannibal.JPG\" alt=\"copneu\" width=\"150\" height=\"150\" \/><\/p>\n<p><span style=\"font-size: medium;\"><strong>Hannibal<\/strong> ist 2017 neu zu dem Organisationsteam gesto\u00dfen.<\/span><\/p>\n<p><span style=\"font-size: medium;\">Mit steigender Teilnehmerzahl ist der organisatorische Aufwand abseits des Flugbetriebs enorm gestiegen. Hannibal unterst\u00fctzt Kolbe bei der Vorbereitung und Durchf\u00fchrung der Veranstaltung. <\/span><\/p>\n<p><span style=\"font-size: medium;\">Zu seinen Aufgaben z\u00e4hlen u.a. die Koordination des Auf- und Abbaus, die Zimmerverteilung und das Auswerten der Missionsergebnisse.<br \/>\n<\/span><\/p>\n<p><span style=\"font-size: medium;\">\u00a0<\/span><\/p>\n<p><span style=\"font-size: medium;\">Wenn Ihr Fragen oder Anregungen an die Organisatoren richten wollt, k\u00f6nnt Ihr das <\/span><a href=\"https:\/\/www.buchenau-lan.de\/?page_id=191\"><span style=\"font-size: medium;\">hier<\/span><\/a><span style=\"font-size: medium;\"> tun.<\/span><\/p>\n<p><span style=\"font-size: medium;\">Wir wollen an dieser Stelle nicht vers\u00e4umen, den vielen Helfern und Unterst\u00fctzern zu danken, die uns durch Erstellen von Missionen, Bereitstellen von Hard- und Software oder durch ihr Know-How unterst\u00fctzt haben.<\/span><\/p>\n<p><span style=\"font-size: medium;\">Ganz besonders bedanken m\u00f6chten wir uns bei <strong>PeaDot<\/strong>. Ihm haben wir es zu verdanken, dass diese Webseite mit seinem technischen Know-How \u00fcberhaupt erst entstanden ist.<\/span><!--:--><!--:en--><\/p>\n","protected":false},"excerpt":{"rendered":"<p>Auf dieser Seite m\u00f6chten sich die Organisatoren der Community LAN einmal vorstellen. Die ersten beiden LAN-Events 2006 und 2007 wurden von Max organisiert. Er geh\u00f6rt der virtuellen Flugstaffel Falconeers (www.Falconeers.de) an. \u00a0 Max hat die ersten beiden Buchenau-Events organisiert und ist damit der\u00a0Ur-Vater der Buchenau-LAN. Unter dem Motto &#8222;Falconeers &amp; Friends&#8220; konnten alle Falcon begeisterten [&hellip;]<\/p>\n","protected":false},"author":2,"featured_media":0,"parent":0,"menu_order":4,"comment_status":"closed","ping_status":"open","template":"","meta":{"give_campaign_id":0,"footnotes":""},"folder":[],"class_list":["post-14","page","type-page","status-publish","hentry"],"campaignId":"","_links":{"self":[{"href":"https:\/\/www.buchenau-lan.de\/index.php?rest_route=\/wp\/v2\/pages\/14","targetHints":{"allow":["GET"]}}],"collection":[{"href":"https:\/\/www.buchenau-lan.de\/index.php?rest_route=\/wp\/v2\/pages"}],"about":[{"href":"https:\/\/www.buchenau-lan.de\/index.php?rest_route=\/wp\/v2\/types\/page"}],"author":[{"embeddable":true,"href":"https:\/\/www.buchenau-lan.de\/index.php?rest_route=\/wp\/v2\/users\/2"}],"replies":[{"embeddable":true,"href":"https:\/\/www.buchenau-lan.de\/index.php?rest_route=%2Fwp%2Fv2%2Fcomments&post=14"}],"version-history":[{"count":133,"href":"https:\/\/www.buchenau-lan.de\/index.php?rest_route=\/wp\/v2\/pages\/14\/revisions"}],"predecessor-version":[{"id":4109,"href":"https:\/\/www.buchenau-lan.de\/index.php?rest_route=\/wp\/v2\/pages\/14\/revisions\/4109"}],"wp:attachment":[{"href":"https:\/\/www.buchenau-lan.de\/index.php?rest_route=%2Fwp%2Fv2%2Fmedia&parent=14"}],"wp:term":[{"taxonomy":"folder","embeddable":true,"href":"https:\/\/www.buchenau-lan.de\/index.php?rest_route=%2Fwp%2Fv2%2Ffolder&post=14"}],"curies":[{"name":"wp","href":"https:\/\/api.w.org\/{rel}","templated":true}]}}