{"id":12,"date":"2009-04-15T22:28:46","date_gmt":"2009-04-15T20:28:46","guid":{"rendered":"http:\/\/peadot.de\/buchenau\/?page_id=12"},"modified":"2018-05-26T15:26:59","modified_gmt":"2018-05-26T13:26:59","slug":"kosten","status":"publish","type":"page","link":"https:\/\/www.buchenau-lan.de\/?page_id=12","title":{"rendered":"Kosten"},"content":{"rendered":"<p><!--:de--><\/p>\n<p style=\"text-align: left;\"><span style=\"font-size: medium;\">Die Kosten sind abh\u00e4ngig von der Gruppengr\u00f6\u00dfe, der Art des belegten Zimmers und nat\u00fcrlich der geplanten Dauer des Aufenthaltes. Da die Belegungen erst in Buchenau vorgenommen werden und es zwei unterschiedliche Kategorien von Zimmern gibt, kann nat\u00fcrlich keine definitive Aussage \u00fcber die Kosten gemacht werden.<\/span><\/p>\n<p style=\"text-align: left;\"><span style=\"font-size: medium;\">Die maximalen Kosten f\u00fcr den Aufenthalt von Mittwoch (Anreise nachmittags) bis Sonntag (Abreise nachmittags) inkl. Vollpension (ab Mittwoch Abendessen bis Sonntag Mittagessen) und der Stromkostenpauschale von 5,-\u20ac pro Tag betragen Rund 260,-\u20ac (Stand: 2016). Die Seminarr\u00e4umlichkeiten sind im Preis inbegriffen.<\/span><\/p>\n<p style=\"text-align: left;\"><span style=\"font-size: medium;\">Bedenkt bitte auch, dass Euch noch weitere Kosten f\u00fcr die Anreise (Spritkosten) und ggf. Dinge wie Getr\u00e4nke und Knabberkram pp. entstehen.<\/span><\/p>\n<p style=\"text-align: left;\"><span style=\"font-size: medium;\">Macht Euch am besten selbst mit den Preisen vertraut. Die Preisliste des Schlosses Buchenau findet Ihr <a href=\"https:\/\/www.schloss-buchenau.de\/mydata\/pdf\/Info_Preisliste.pdf\" target=\"_blank\" rel=\"noopener\">hier<\/a>.<\/span><\/p>\n<p style=\"text-align: left;\"><span style=\"font-size: medium;\">Dort kannst Du Dir selber einen \u00dcberblick \u00fcber die Kosten verschaffen. Bedenke, dass Du als Personenanzahl mindestens 21 annimmst, da sonst mit den falschen Preisen kalkuliert wird. Rechne dann noch eine Stromkostenpauschale von 5,-\u20ac \/ Tag hinzu.<\/span><\/p>\n<p style=\"text-align: left;\"><span style=\"font-size: medium;\">Jeder bezahlt seine Rechnung eigenst\u00e4ndig vor Ort, sp\u00e4testens bei der Abreise. Jeder von Euch ist daf\u00fcr selber verantwortlich, dass die ihm entstandenen Kosten auch beglichen werden. EC-Karten werden akzeptiert.<\/span><\/p>\n<p style=\"text-align: left;\"><span style=\"font-size: medium;\">Wir werden eine Kaffee-Flat einrichten. Daf\u00fcr w\u00fcrden wir gegen einen kleinen Unkostenbeitrag f\u00fcr eine entsprechende Versorgung mit Kaffee, Tee und Cappuccino sorgen. Eine Kaffeemaschine und ein Wasserkocher werden von uns gestellt. Es w\u00e4re von Vorteil, wenn Ihr Euch entsprechend einen Becher und einen Teel\u00f6ffel mitbringt.<\/span><\/p>\n<p style=\"text-align: left;\"><span style=\"font-size: medium;\">In diesem Jahr wird es wieder einen gestickten Patch zur Buchenau LAN geben, den jeder als kleines Andenken an die LAN erh\u00e4lt. Der Preis f\u00fcr den Patch betr\u00e4gt ca. 5,- Euro (je nach Bestellmenge).<\/span><\/p>\n<p style=\"text-align: left;\"><span style=\"font-size: medium;\">Um die Gesamtkosten f\u00fcr den Patch, die Kaffee-Flat, die Preise und sonstige Auslagen decken zu k\u00f6nnen, f\u00fcr die wir in Vorkasse treten und auch das finanzielle Risiko daf\u00fcr tragen, bitten wir Euch, einen kleinen Betrag in H\u00f6he von 15,- \u20ac <span style=\"text-decoration: underline;\">vorab<\/span> zu \u00fcberweisen.<\/span><\/p>\n<p style=\"text-align: left;\"><span style=\"font-size: medium;\">Wir wollen selbstverst\u00e4ndlich keinen Gewinn erwirtschaften. Sollte Geld \u00fcbrig bleiben, werden wir das Geld sinnvoll f\u00fcr die LAN verwenden. Es w\u00e4re z.B. denkbar, f\u00fcr unseren Grillabend\u00a0Freigetr\u00e4nke zu besorgen. Andernfalls werden wir den \u00fcbrig gebliebenen Betrag selbstverst\u00e4ndlich f\u00fcr die n\u00e4chste LAN verwenden. Solltet Ihr kurzfristig absagen m\u00fcssen, werden wir Euch den Patch per Post zuschicken und Euch den Restbetrag r\u00fcckerstatten.<\/span><\/p>\n<p style=\"text-align: left;\"><span style=\"font-size: medium;\">Weitere Informationen\u00a0zur \u00dcberweisung\u00a0erhaltet Ihr nach Eurer Anmeldung in der Antwortmail.<\/span><\/p>\n<p style=\"text-align: right;\"><a href=\"https:\/\/www.buchenau-lan.de\/?page_id=68\"><span style=\"font-size: medium;\">zur\u00fcck<\/span><\/a><\/p>\n<p><!--:--><!--:en--><\/p>\n<p><!--:--><\/p>\n","protected":false},"excerpt":{"rendered":"<p>Die Kosten sind abh\u00e4ngig von der Gruppengr\u00f6\u00dfe, der Art des belegten Zimmers und nat\u00fcrlich der geplanten Dauer des Aufenthaltes. Da die Belegungen erst in Buchenau vorgenommen werden und es zwei unterschiedliche Kategorien von Zimmern gibt, kann nat\u00fcrlich keine definitive Aussage \u00fcber die Kosten gemacht werden. Die maximalen Kosten f\u00fcr den Aufenthalt von Mittwoch (Anreise nachmittags) [&hellip;]<\/p>\n","protected":false},"author":2,"featured_media":0,"parent":68,"menu_order":2,"comment_status":"closed","ping_status":"open","template":"","meta":{"give_campaign_id":0,"footnotes":""},"folder":[],"class_list":["post-12","page","type-page","status-publish","hentry"],"campaignId":"","_links":{"self":[{"href":"https:\/\/www.buchenau-lan.de\/index.php?rest_route=\/wp\/v2\/pages\/12","targetHints":{"allow":["GET"]}}],"collection":[{"href":"https:\/\/www.buchenau-lan.de\/index.php?rest_route=\/wp\/v2\/pages"}],"about":[{"href":"https:\/\/www.buchenau-lan.de\/index.php?rest_route=\/wp\/v2\/types\/page"}],"author":[{"embeddable":true,"href":"https:\/\/www.buchenau-lan.de\/index.php?rest_route=\/wp\/v2\/users\/2"}],"replies":[{"embeddable":true,"href":"https:\/\/www.buchenau-lan.de\/index.php?rest_route=%2Fwp%2Fv2%2Fcomments&post=12"}],"version-history":[{"count":56,"href":"https:\/\/www.buchenau-lan.de\/index.php?rest_route=\/wp\/v2\/pages\/12\/revisions"}],"predecessor-version":[{"id":2608,"href":"https:\/\/www.buchenau-lan.de\/index.php?rest_route=\/wp\/v2\/pages\/12\/revisions\/2608"}],"up":[{"embeddable":true,"href":"https:\/\/www.buchenau-lan.de\/index.php?rest_route=\/wp\/v2\/pages\/68"}],"wp:attachment":[{"href":"https:\/\/www.buchenau-lan.de\/index.php?rest_route=%2Fwp%2Fv2%2Fmedia&parent=12"}],"wp:term":[{"taxonomy":"folder","embeddable":true,"href":"https:\/\/www.buchenau-lan.de\/index.php?rest_route=%2Fwp%2Fv2%2Ffolder&post=12"}],"curies":[{"name":"wp","href":"https:\/\/api.w.org\/{rel}","templated":true}]}}